{"id":11,"date":"2024-12-17T09:33:52","date_gmt":"2024-12-17T08:33:52","guid":{"rendered":"https:\/\/www.nibeco.cz\/?page_id=11"},"modified":"2026-01-28T13:25:51","modified_gmt":"2026-01-28T12:25:51","slug":"domu","status":"publish","type":"page","link":"https:\/\/www.nibeco.cz\/en\/","title":{"rendered":"dom\u016f"},"content":{"rendered":"<p>[et_pb_section fb_built=&#8220;1&#8243; admin_label=&#8220;Header&#8220; _builder_version=&#8220;4.21.0&#8243; _module_preset=&#8220;default&#8220; background_enable_image=&#8220;off&#8220; parallax=&#8220;on&#8220; background_video_mp4=&#8220;https:\/\/www.nibeco.cz\/wp-content\/uploads\/2024\/12\/Navrh-bez-nazvu-3.mp4&#8243; custom_padding=&#8220;8vw||0vw||false|false&#8220; border_radii=&#8220;off|||0vw|0vw&#8220; collapsed=&#8220;on&#8220; global_colors_info=&#8220;{}&#8220;][et_pb_row column_structure=&#8220;1_4,3_4&#8243; _builder_version=&#8220;4.24.0&#8243; _module_preset=&#8220;default&#8220; max_width=&#8220;1800px&#8220; custom_padding=&#8220;||95px|||&#8220; global_colors_info=&#8220;{}&#8220;][et_pb_column type=&#8220;1_4&#8243; _builder_version=&#8220;4.22.0&#8243; _module_preset=&#8220;default&#8220; global_colors_info=&#8220;{}&#8220;][et_pb_image src=&#8220;https:\/\/www.nibeco.cz\/wp-content\/uploads\/2024\/12\/nibeco_cerne_pozadi_velke.png&#8220; _builder_version=&#8220;4.21.0&#8243; _module_preset=&#8220;default&#8220; global_colors_info=&#8220;{}&#8220;][\/et_pb_image][\/et_pb_column][et_pb_column type=&#8220;3_4&#8243; _builder_version=&#8220;4.22.0&#8243; _module_preset=&#8220;default&#8220; global_colors_info=&#8220;{}&#8220;][et_pb_text _builder_version=&#8220;4.21.0&#8243; _module_preset=&#8220;d1ee63ed-23da-4b47-83f6-805f4b801301&#8243; max_width=&#8220;1440px&#8220; custom_margin=&#8220;||10px||false|false&#8220; header_font_size_phone=&#8220;35px&#8220; global_colors_info=&#8220;{}&#8220;]<\/p>\n<h1><span>YOUR PARTNER IN ENGINEERING<\/span><\/h1>\n<p>&nbsp;<\/p>\n<p>[\/et_pb_text][\/et_pb_column][\/et_pb_row][\/et_pb_section][et_pb_section fb_built=&#8220;1&#8243; admin_label=&#8220;About&#8220; _builder_version=&#8220;4.21.0&#8243; _module_preset=&#8220;default&#8220; background_color=&#8220;#000000&#8243; collapsed=&#8220;on&#8220; global_colors_info=&#8220;{}&#8220;][et_pb_row _builder_version=&#8220;4.24.0&#8243; _module_preset=&#8220;default&#8220; max_width=&#8220;1800px&#8220; global_colors_info=&#8220;{}&#8220;][et_pb_column type=&#8220;4_4&#8243; _builder_version=&#8220;4.22.0&#8243; _module_preset=&#8220;default&#8220; global_colors_info=&#8220;{}&#8220;][et_pb_text _builder_version=&#8220;4.21.0&#8243; _module_preset=&#8220;415988b5-7ca1-4178-8055-fe14d663d0c4&#8243; header_2_text_color=&#8220;#E09900&#8243; header_2_font_size_phone=&#8220;25px&#8220; global_colors_info=&#8220;{}&#8220;]<\/p>\n<h2 style=\"text-align: left;\"><span>We connect demand with supply.\nRaw material deliveries, <\/span><span>manufacturing cooperation and project solutions worldwide.<\/span><\/h2>\n<p>[\/et_pb_text][et_pb_text _builder_version=&#8220;4.21.0&#8243; _module_preset=&#8220;415988b5-7ca1-4178-8055-fe14d663d0c4&#8243; header_2_font=&#8220;Inter|500|||||||&#8220; header_2_text_color=&#8220;#FFFFFF&#8220; header_2_font_size=&#8220;25px&#8220; global_colors_info=&#8220;{}&#8220;]<\/p>\n<h2><span>NIBECO s.r.o. is a Czech company specializing in commercial and manufacturing activities in the engineering industry. For several years, we have successfully connected demand with supply and provided comprehensive solutions for projects across various sectors. Our operations are global, and we cooperate with clients all over the world.<\/span><\/h2>\n<p>[\/et_pb_text][\/et_pb_column][\/et_pb_row][et_pb_row _builder_version=&#8220;4.24.0&#8243; _module_preset=&#8220;default&#8220; max_width=&#8220;1800px&#8220; global_colors_info=&#8220;{}&#8220;][et_pb_column type=&#8220;4_4&#8243; _builder_version=&#8220;4.22.0&#8243; _module_preset=&#8220;default&#8220; global_colors_info=&#8220;{}&#8220;][et_pb_image src=&#8220;https:\/\/www.nibeco.cz\/wp-content\/uploads\/2024\/12\/2.png&#8220; title_text=&#8220;energy-6&#8243; align=&#8220;center&#8220; _builder_version=&#8220;4.21.0&#8243; _module_preset=&#8220;default&#8220; width=&#8220;60%&#8220; custom_margin=&#8220;||||false|false&#8220; custom_padding=&#8220;6%||6%||true|false&#8220; scroll_scaling_enable=&#8220;on&#8220; scroll_scaling=&#8220;0|100|100|100|90%|100|100&#8243; border_radii=&#8220;on|1000px|1000px|1000px|1000px&#8220; global_colors_info=&#8220;{}&#8220;][\/et_pb_image][et_pb_image src=&#8220;https:\/\/www.nibeco.cz\/wp-content\/uploads\/2024\/12\/illustration-01@2x.png&#8220; title_text=&#8220;illustration-01@2x&#8220; _builder_version=&#8220;4.24.0&#8243; _module_preset=&#8220;default&#8220; transform_translate=&#8220;100%|0px&#8220; transform_translate_linked=&#8220;off&#8220; positioning=&#8220;absolute&#8220; width=&#8220;10%&#8220; filter_opacity=&#8220;50%&#8220; scroll_rotating_enable=&#8220;on&#8220; scroll_rotating=&#8220;0|50|50|100|40\u00b0|0|-40\u00b0&#8220; global_colors_info=&#8220;{}&#8220;][\/et_pb_image][et_pb_image src=&#8220;https:\/\/www.nibeco.cz\/wp-content\/uploads\/2024\/12\/illustration-01@2x.png&#8220; title_text=&#8220;energy-7&#8243; _builder_version=&#8220;4.21.0&#8243; _module_preset=&#8220;default&#8220; positioning=&#8220;absolute&#8220; position_origin_a=&#8220;bottom_left&#8220; position_origin_a_last_edited=&#8220;off|tablet&#8220; position_origin_f_last_edited=&#8220;off|tablet&#8220; position_origin_r_last_edited=&#8220;off|tablet&#8220; width=&#8220;20%&#8220; scroll_fade_enable=&#8220;on&#8220; positioning_last_edited=&#8220;off|tablet&#8220; border_radii=&#8220;on|1000px|1000px|1000px|1000px&#8220; global_colors_info=&#8220;{}&#8220;][\/et_pb_image][et_pb_image src=&#8220;https:\/\/www.nibeco.cz\/wp-content\/uploads\/2024\/12\/nibeco_cerne_pozadi_velke.png&#8220; title_text=&#8220;energy-3&#8243; _builder_version=&#8220;4.21.0&#8243; _module_preset=&#8220;default&#8220; positioning=&#8220;absolute&#8220; position_origin_a=&#8220;top_right&#8220; width=&#8220;12%&#8220; filter_opacity=&#8220;66%&#8220; scroll_blur_enable=&#8220;on&#8220; border_radii=&#8220;on|1vw|1vw|1vw|1vw&#8220; global_colors_info=&#8220;{}&#8220;][\/et_pb_image][\/et_pb_column][\/et_pb_row][\/et_pb_section][et_pb_section fb_built=&#8220;1&#8243; prev_background_color=&#8220;#000000&#8243; next_background_color=&#8220;#000000&#8243; admin_label=&#8220;Services&#8220; _builder_version=&#8220;4.21.0&#8243; _module_preset=&#8220;default&#8220; custom_padding=&#8220;0px|||||&#8220; top_divider_style=&#8220;graph3&#8243; top_divider_height=&#8220;50px&#8220; bottom_divider_style=&#8220;graph3&#8243; bottom_divider_height=&#8220;60px&#8220; collapsed=&#8220;on&#8220; global_colors_info=&#8220;{}&#8220;][et_pb_row column_structure=&#8220;1_4,1_4,1_2&#8243; _builder_version=&#8220;4.22.0&#8243; _module_preset=&#8220;default&#8220; max_width=&#8220;1800px&#8220; custom_padding=&#8220;106px|||||&#8220; global_colors_info=&#8220;{}&#8220;][et_pb_column type=&#8220;1_4&#8243; _builder_version=&#8220;4.22.0&#8243; _module_preset=&#8220;default&#8220; global_colors_info=&#8220;{}&#8220;][et_pb_text _builder_version=&#8220;4.21.0&#8243; _module_preset=&#8220;1d74e88b-0696-44e1-b91b-9539fd666f94&#8243; header_5_text_color=&#8220;#E09900&#8243; custom_margin=&#8220;||0px||false|false&#8220; header_5_font_size_phone=&#8220;20px&#8220; global_colors_info=&#8220;{}&#8220;]<\/p>\n<h5><span><strong>&gt; Raw materials supply<\/strong><\/span><\/h5>\n<p>[\/et_pb_text][et_pb_text _builder_version=&#8220;4.21.0&#8243; _module_preset=&#8220;80259afa-6b4d-4525-9b52-231bf0c2340d&#8220; global_colors_info=&#8220;{}&#8220;]<\/p>\n<p><span>Reliable supply of raw materials with a focus on quality, traceability and compliance with required specifications.<\/span><\/p>\n<p>[\/et_pb_text][et_pb_text _builder_version=&#8220;4.21.0&#8243; _module_preset=&#8220;1d74e88b-0696-44e1-b91b-9539fd666f94&#8243; header_5_text_color=&#8220;#E09900&#8243; custom_margin=&#8220;||0px||false|false&#8220; header_5_font_size_phone=&#8220;20px&#8220; global_colors_info=&#8220;{}&#8220;]<\/p>\n<h5><span><strong>&gt; Metal machining and manufacturing cooperation<\/strong><\/span><\/h5>\n<p>[\/et_pb_text][et_pb_text _builder_version=&#8220;4.21.0&#8243; _module_preset=&#8220;80259afa-6b4d-4525-9b52-231bf0c2340d&#8220; global_colors_info=&#8220;{}&#8220;]<\/p>\n<p><span>We provide metal machining services and coordinate manufacturing cooperation according to customer requirements.<\/span><\/p>\n<p>[\/et_pb_text][et_pb_text _builder_version=&#8220;4.21.0&#8243; _module_preset=&#8220;1d74e88b-0696-44e1-b91b-9539fd666f94&#8243; header_5_text_color=&#8220;#E09900&#8243; custom_margin=&#8220;||0px||false|false&#8220; header_5_font_size_phone=&#8220;20px&#8220; global_colors_info=&#8220;{}&#8220;]<\/p>\n<h5><span><strong>&gt;Cut parts with finishing and surface treatment<\/strong><\/span><\/h5>\n<p>[\/et_pb_text][et_pb_text _builder_version=&#8220;4.21.0&#8243; _module_preset=&#8220;80259afa-6b4d-4525-9b52-231bf0c2340d&#8220; global_colors_info=&#8220;{}&#8220;]<\/p>\n<p><span>We supply cut parts including subsequent processing and surface treatment in accordance with applicable standards.<\/span><\/p>\n<p>[\/et_pb_text][\/et_pb_column][et_pb_column type=&#8220;1_4&#8243; _builder_version=&#8220;4.22.0&#8243; _module_preset=&#8220;default&#8220; global_colors_info=&#8220;{}&#8220;][et_pb_text _builder_version=&#8220;4.21.0&#8243; _module_preset=&#8220;1d74e88b-0696-44e1-b91b-9539fd666f94&#8243; header_5_text_color=&#8220;#E09900&#8243; custom_margin=&#8220;||0px||false|false&#8220; header_5_font_size_phone=&#8220;20px&#8220; global_colors_info=&#8220;{}&#8220;]<\/p>\n<h5><span><strong>&gt; Precision weldments according to technical drawings<\/strong><\/span><\/h5>\n<p>[\/et_pb_text][et_pb_text _builder_version=&#8220;4.21.0&#8243; _module_preset=&#8220;80259afa-6b4d-4525-9b52-231bf0c2340d&#8220; global_colors_info=&#8220;{}&#8220;]<\/p>\n<p><span>We manufacture weldments strictly according to technical drawings, with an emphasis on dimensional accuracy and quality.<\/span><\/p>\n<p>[\/et_pb_text][et_pb_text _builder_version=&#8220;4.21.0&#8243; _module_preset=&#8220;1d74e88b-0696-44e1-b91b-9539fd666f94&#8243; header_5_text_color=&#8220;#E09900&#8243; custom_margin=&#8220;||0px||false|false&#8220; header_5_font_size_phone=&#8220;20px&#8220; global_colors_info=&#8220;{}&#8220;]<\/p>\n<h5><span><strong>&gt;Castings and forgings<\/strong><\/span><\/h5>\n<p>[\/et_pb_text][et_pb_text _builder_version=&#8220;4.21.0&#8243; _module_preset=&#8220;80259afa-6b4d-4525-9b52-231bf0c2340d&#8220; global_colors_info=&#8220;{}&#8220;]<\/p>\n<p><span>We supply castings and forgings made from various materials for a wide range of industrial applications.<\/span><\/p>\n<p>[\/et_pb_text][et_pb_text _builder_version=&#8220;4.21.0&#8243; _module_preset=&#8220;1d74e88b-0696-44e1-b91b-9539fd666f94&#8243; header_5_text_color=&#8220;#E09900&#8243; custom_margin=&#8220;||0px||false|false&#8220; header_5_font_size_phone=&#8220;20px&#8220; global_colors_info=&#8220;{}&#8220;]<\/p>\n<h5><span><strong>&gt;Warehousing and logistics<\/strong><\/span><\/h5>\n<p>[\/et_pb_text][et_pb_text _builder_version=&#8220;4.21.0&#8243; _module_preset=&#8220;80259afa-6b4d-4525-9b52-231bf0c2340d&#8220; global_colors_info=&#8220;{}&#8220;]<\/p>\n<p><span>We provide warehousing and logistics services to ensure efficient handling and reliable deliveries.<\/span><\/p>\n<p>[\/et_pb_text][et_pb_text _builder_version=&#8220;4.21.0&#8243; _module_preset=&#8220;1d74e88b-0696-44e1-b91b-9539fd666f94&#8243; header_5_text_color=&#8220;#E09900&#8243; custom_margin=&#8220;||0px||false|false&#8220; header_5_font_size_phone=&#8220;20px&#8220; global_colors_info=&#8220;{}&#8220;]<\/p>\n<h5><span><strong>&gt; Other services<\/strong><\/span><\/h5>\n<p>[\/et_pb_text][et_pb_text _builder_version=&#8220;4.21.0&#8243; _module_preset=&#8220;80259afa-6b4d-4525-9b52-231bf0c2340d&#8220; global_colors_info=&#8220;{}&#8220;]<\/p>\n<p class=\"translation-block\"><span><strong>Coordination of engineering projects<br><\/strong><\/span>\n<span><strong>International trade and coordination<br><\/strong><\/span>\n<span><strong>Rental of non-residential premises<br><\/strong><\/span>\n<span><strong>Sponsorship<\/strong><\/span><\/p>\n<p>[\/et_pb_text][\/et_pb_column][et_pb_column type=&#8220;1_2&#8243; _builder_version=&#8220;4.22.0&#8243; _module_preset=&#8220;default&#8220; global_colors_info=&#8220;{}&#8220;][et_pb_image src=&#8220;https:\/\/www.nibeco.cz\/wp-content\/uploads\/2024\/12\/3.png&#8220; title_text=&#8220;renewable-energy-5&#8243; _builder_version=&#8220;4.21.0&#8243; _module_preset=&#8220;default&#8220; animation_style=&#8220;slide&#8220; animation_duration=&#8220;1500ms&#8220; border_radii=&#8220;on|30px|30px|30px|30px&#8220; global_colors_info=&#8220;{}&#8220;][\/et_pb_image][\/et_pb_column][\/et_pb_row][\/et_pb_section][et_pb_section fb_built=&#8220;1&#8243; specialty=&#8220;on&#8220; admin_label=&#8220;Footer&#8220; _builder_version=&#8220;4.21.0&#8243; _module_preset=&#8220;default&#8220; background_color=&#8220;#000000&#8243; inner_max_width=&#8220;1800px&#8220; overflow-x=&#8220;hidden&#8220; overflow-y=&#8220;hidden&#8220; custom_padding=&#8220;2px||0px|||&#8220; saved_tabs=&#8220;all&#8220; global_colors_info=&#8220;{%22gcid-a93f2103-1d8b-43bb-b21d-81d84bba8b15%22:%91%22background_color%22%93}&#8220;][et_pb_column type=&#8220;3_4&#8243; specialty_columns=&#8220;3&#8243; _builder_version=&#8220;4.16&#8243; _module_preset=&#8220;default&#8220; custom_padding=&#8220;|||&#8220; global_colors_info=&#8220;{}&#8220; custom_padding__hover=&#8220;|||&#8220;][et_pb_row_inner _builder_version=&#8220;4.24.0&#8243; _module_preset=&#8220;default&#8220; custom_padding=&#8220;||20px||false|false&#8220; locked=&#8220;off&#8220; global_colors_info=&#8220;{}&#8220;][et_pb_column_inner saved_specialty_column_type=&#8220;3_4&#8243; _builder_version=&#8220;4.22.0&#8243; _module_preset=&#8220;default&#8220; global_colors_info=&#8220;{}&#8220;][et_pb_text _builder_version=&#8220;4.21.0&#8243; _module_preset=&#8220;415988b5-7ca1-4178-8055-fe14d663d0c4&#8243; global_colors_info=&#8220;{}&#8220;]<\/p>\n<p data-pm-slice=\"1 1 []\"><span style=\"color: #ff9900;\">Are you interested in our services or do you need more information?\nContact us and we will be happy to discuss the details with you.<\/span><\/p>\n<p>[\/et_pb_text][\/et_pb_column_inner][\/et_pb_row_inner][et_pb_row_inner _builder_version=&#8220;4.21.0&#8243; _module_preset=&#8220;default&#8220;][et_pb_column_inner saved_specialty_column_type=&#8220;3_4&#8243; _builder_version=&#8220;4.21.0&#8243; _module_preset=&#8220;default&#8220;][et_pb_text _builder_version=&#8220;4.21.0&#8243; _module_preset=&#8220;default&#8220; text_text_color=&#8220;#FFFFFF&#8220; text_font_size=&#8220;15px&#8220; hover_enabled=&#8220;0&#8243; sticky_enabled=&#8220;0&#8243;]<\/p>\n<p><span style=\"color: #333333;\"><span style=\"color: #ffffff;\">NIBECO s.r.o.<\/span><br \/><span style=\"color: #ffffff;\">N\u00e1m\u011bst\u00ed 5. Kv\u011btna 888\/9<\/span><br \/><span style=\"color: #ffffff;\">500 02 Hradec Kr\u00e1lov\u00e9<\/span><br \/><span style=\"color: #ffffff;\">Company ID: 10693157<\/span><br \/><span style=\"color: #ffffff;\">VAT ID: CZ10693157<\/span><span><\/span><\/span><\/p>\n<p><span>T: +420 602 544 138<\/span><span><\/span><br \/><span>E:\u00a0<a href=\"mailto:vojtech.belka@gmail.com\">vojtech.belka@gmail.com<\/a><\/span><span><\/span><br \/><a href=\"http:\/\/www.nibeco.cz\/en\/\"><span>www.nibeco.cz<\/span><\/a><\/p>\n<p>[\/et_pb_text][\/et_pb_column_inner][\/et_pb_row_inner][\/et_pb_column][et_pb_column type=&#8220;1_4&#8243; _builder_version=&#8220;4.16&#8243; _module_preset=&#8220;default&#8220; custom_padding=&#8220;|||&#8220; global_colors_info=&#8220;{}&#8220; custom_padding__hover=&#8220;|||&#8220;][et_pb_image src=&#8220;https:\/\/www.nibeco.cz\/wp-content\/uploads\/2024\/12\/nibeco_cerne_pozadi_velke.png&#8220; _builder_version=&#8220;4.21.0&#8243; _module_preset=&#8220;default&#8220; hover_enabled=&#8220;0&#8243; sticky_enabled=&#8220;0&#8243;][\/et_pb_image][\/et_pb_column][\/et_pb_section]<\/p>","protected":false},"excerpt":{"rendered":"<p>V\u00c1\u0160 PARTNER VE STROJ\u00cdRENSTV\u00cd &nbsp;Propojujeme popt\u00e1vku s nab\u00eddkou. Dod\u00e1vky hutn\u00edho materi\u00e1lu, v\u00fdrobn\u00ed spolupr\u00e1ce a \u0159e\u0161en\u00ed projekt\u016f po cel\u00e9m sv\u011bt\u011b.NIBECO s.r.o. je \u010desk\u00e1 spole\u010dnost specializuj\u00edc\u00ed se na obchodn\u00ed a v\u00fdrobn\u00ed \u010dinnost ve stroj\u00edrenstv\u00ed. Ji\u017e n\u011bkolik let \u00fasp\u011b\u0161n\u011b propojujeme popt\u00e1vku s nab\u00eddkou a zaji\u0161\u0165ujeme komplexn\u00ed \u0159e\u0161en\u00ed pro projekty v r\u016fzn\u00fdch odv\u011btv\u00edch. Na\u0161e p\u016fsoben\u00ed je glob\u00e1ln\u00ed, s klienty [&hellip;]<\/p>","protected":false},"author":3,"featured_media":0,"parent":0,"menu_order":0,"comment_status":"closed","ping_status":"closed","template":"page-template-blank.php","meta":{"_et_pb_use_builder":"on","_et_pb_old_content":"","_et_gb_content_width":"","footnotes":""},"class_list":["post-11","page","type-page","status-publish","hentry"],"_links":{"self":[{"href":"https:\/\/www.nibeco.cz\/en\/wp-json\/wp\/v2\/pages\/11","targetHints":{"allow":["GET"]}}],"collection":[{"href":"https:\/\/www.nibeco.cz\/en\/wp-json\/wp\/v2\/pages"}],"about":[{"href":"https:\/\/www.nibeco.cz\/en\/wp-json\/wp\/v2\/types\/page"}],"author":[{"embeddable":true,"href":"https:\/\/www.nibeco.cz\/en\/wp-json\/wp\/v2\/users\/3"}],"replies":[{"embeddable":true,"href":"https:\/\/www.nibeco.cz\/en\/wp-json\/wp\/v2\/comments?post=11"}],"version-history":[{"count":27,"href":"https:\/\/www.nibeco.cz\/en\/wp-json\/wp\/v2\/pages\/11\/revisions"}],"predecessor-version":[{"id":118,"href":"https:\/\/www.nibeco.cz\/en\/wp-json\/wp\/v2\/pages\/11\/revisions\/118"}],"wp:attachment":[{"href":"https:\/\/www.nibeco.cz\/en\/wp-json\/wp\/v2\/media?parent=11"}],"curies":[{"name":"wp","href":"https:\/\/api.w.org\/{rel}","templated":true}]}}